{"id":8,"date":"2023-06-03T13:13:13","date_gmt":"2023-06-03T11:13:13","guid":{"rendered":"https:\/\/www.esjcyclo.info\/next\/?page_id=8"},"modified":"2026-02-02T20:54:20","modified_gmt":"2026-02-02T19:54:20","slug":"contact","status":"publish","type":"page","link":"https:\/\/www.esjcyclo.info\/next\/contact\/","title":{"rendered":"Contact"},"content":{"rendered":"\n<p><\/p>\n\n\n\n<div class=\"wp-block-uagb-container uagb-block-1b777c50 alignfull uagb-is-root-container\"><div class=\"uagb-container-inner-blocks-wrap\">\n<div class=\"wp-block-uagb-container uagb-block-d702168e\"><div class=\"wp-block-image\">\n<figure class=\"alignright size-full is-resized\"><img loading=\"lazy\" decoding=\"async\" width=\"525\" height=\"462\" src=\"https:\/\/www.esjcyclo.info\/next\/wp-content\/uploads\/email-icon-100.png\" alt=\"\" class=\"wp-image-1145\" style=\"width:120px\" srcset=\"https:\/\/www.esjcyclo.info\/next\/wp-content\/uploads\/email-icon-100.png 525w, https:\/\/www.esjcyclo.info\/next\/wp-content\/uploads\/email-icon-100-300x264.png 300w\" sizes=\"auto, (max-width: 525px) 100vw, 525px\" \/><\/figure>\n<\/div><\/div>\n\n\n\n<div class=\"wp-block-uagb-container uagb-block-e9ef5732\">\n<div class=\"wp-block-uagb-info-box uagb-block-e84d4b68 uagb-infobox__content-wrap  uagb-infobox-icon-left-title uagb-infobox-left uagb-infobox-image-valign-top\"><div class=\"uagb-ifb-content\"><div class=\"uagb-ifb-left-title-image\"><div class=\"uagb-ifb-title-wrap\"><h3 class=\"uagb-ifb-title\">Contactez nous \u00e0 l&rsquo;adresse<br><a href=\"mailto:contact@esjcyclo.info\">contact@esjcyclo.info<\/a><\/h3><\/div><\/div><\/div><\/div>\n<\/div>\n<\/div><\/div>\n\n\n\n<div class=\"wp-block-columns is-layout-flex wp-container-core-columns-is-layout-9d6595d7 wp-block-columns-is-layout-flex\">\n<div class=\"wp-block-column is-layout-flow wp-block-column-is-layout-flow\">\n<div class=\"wp-block-uagb-container uagb-block-de1f9bba alignfull uagb-is-root-container\"><div class=\"uagb-container-inner-blocks-wrap\">\n<div class=\"wp-block-columns is-layout-flex wp-container-core-columns-is-layout-9d6595d7 wp-block-columns-is-layout-flex\">\n<div class=\"wp-block-column is-layout-flow wp-block-column-is-layout-flow\" style=\"flex-basis:50%\"><div class=\"wp-block-image is-style-rounded\">\n<figure class=\"alignright size-large is-resized\"><img loading=\"lazy\" decoding=\"async\" width=\"1024\" height=\"685\" src=\"https:\/\/www.esjcyclo.info\/next\/wp-content\/uploads\/PP3-15-St-Maurice-s-Dargoire-1024x685.jpg\" alt=\"\" class=\"wp-image-432\" style=\"aspect-ratio:1.4948751359453862;width:250px;height:auto\" srcset=\"https:\/\/www.esjcyclo.info\/next\/wp-content\/uploads\/PP3-15-St-Maurice-s-Dargoire-1024x685.jpg 1024w, https:\/\/www.esjcyclo.info\/next\/wp-content\/uploads\/PP3-15-St-Maurice-s-Dargoire-300x201.jpg 300w, https:\/\/www.esjcyclo.info\/next\/wp-content\/uploads\/PP3-15-St-Maurice-s-Dargoire-768x514.jpg 768w, https:\/\/www.esjcyclo.info\/next\/wp-content\/uploads\/PP3-15-St-Maurice-s-Dargoire.jpg 1200w\" sizes=\"auto, (max-width: 1024px) 100vw, 1024px\" \/><\/figure>\n<\/div><\/div>\n\n\n\n<div class=\"wp-block-column is-layout-flow wp-block-column-is-layout-flow\" style=\"flex-basis:50%\">\n<div class=\"wp-block-uagb-info-box uagb-block-0b70b81a uagb-infobox__content-wrap  uagb-infobox-icon-above-title uagb-infobox-image-valign-top\"><div class=\"uagb-ifb-content\"><div class=\"uagb-ifb-icon-wrap\"><svg xmlns=\"https:\/\/www.w3.org\/2000\/svg\" viewBox=\"0 0 512 512\"><path d=\"M0 256C0 114.6 114.6 0 256 0C397.4 0 512 114.6 512 256C512 397.4 397.4 512 256 512C114.6 512 0 397.4 0 256zM371.8 211.8C382.7 200.9 382.7 183.1 371.8 172.2C360.9 161.3 343.1 161.3 332.2 172.2L224 280.4L179.8 236.2C168.9 225.3 151.1 225.3 140.2 236.2C129.3 247.1 129.3 264.9 140.2 275.8L204.2 339.8C215.1 350.7 232.9 350.7 243.8 339.8L371.8 211.8z\"><\/path><\/svg><\/div><div class=\"uagb-ifb-title-wrap\"><h3 class=\"uagb-ifb-title\">Nous rejoindre<\/h3><\/div><p class=\"uagb-ifb-desc\">Vous avez envie de nous rejoindre , contactez nous \u00e0 l&rsquo;adresse ci-dessus et venez faire une sortie de test<\/p><\/div><\/div>\n<\/div>\n<\/div>\n\n\n\n<p><\/p>\n<\/div><\/div>\n\n\n\n<h2 class=\"wp-block-heading alignfull has-text-align-center\">Le bureau<\/h2>\n<\/div>\n<\/div>\n\n\n\n<div class=\"wp-block-columns is-layout-flex wp-container-core-columns-is-layout-9d6595d7 wp-block-columns-is-layout-flex\">\n<div class=\"wp-block-column is-layout-flow wp-block-column-is-layout-flow\" style=\"flex-basis:25%\">\n<figure class=\"wp-block-image size-full is-resized\"><img loading=\"lazy\" decoding=\"async\" width=\"166\" height=\"166\" src=\"https:\/\/www.esjcyclo.info\/next\/wp-content\/uploads\/Joel-CHOQUER-ESJC.jpg\" alt=\"\" class=\"wp-image-254\" style=\"width:251px\" srcset=\"https:\/\/www.esjcyclo.info\/next\/wp-content\/uploads\/Joel-CHOQUER-ESJC.jpg 166w, https:\/\/www.esjcyclo.info\/next\/wp-content\/uploads\/Joel-CHOQUER-ESJC-150x150.jpg 150w\" sizes=\"auto, (max-width: 166px) 100vw, 166px\" \/><\/figure>\n\n\n\n<p class=\"has-text-align-center\"><strong>Jo\u00ebl CHOQUER<br>Pr\u00e9sident<\/strong><\/p>\n<\/div>\n\n\n\n<div class=\"wp-block-column is-layout-flow wp-block-column-is-layout-flow\" style=\"flex-basis:25%\">\n<figure class=\"wp-block-image size-full is-resized\"><img loading=\"lazy\" decoding=\"async\" width=\"306\" height=\"306\" src=\"https:\/\/www.esjcyclo.info\/next\/wp-content\/uploads\/2023\/06\/jg.jpg\" alt=\"\" class=\"wp-image-155\" style=\"width:251px\" srcset=\"https:\/\/www.esjcyclo.info\/next\/wp-content\/uploads\/2023\/06\/jg.jpg 306w, https:\/\/www.esjcyclo.info\/next\/wp-content\/uploads\/2023\/06\/jg-300x300.jpg 300w, https:\/\/www.esjcyclo.info\/next\/wp-content\/uploads\/2023\/06\/jg-150x150.jpg 150w\" sizes=\"auto, (max-width: 306px) 100vw, 306px\" \/><\/figure>\n\n\n\n<p class=\"has-text-align-center\"><strong>Jacques Giraud<br>Tr\u00e9sorier<\/strong><\/p>\n\n\n\n<p><\/p>\n<\/div>\n\n\n\n<div class=\"wp-block-column is-layout-flow wp-block-column-is-layout-flow\" style=\"flex-basis:25%\">\n<div class=\"wp-block-uagb-image uagb-block-18303a5a wp-block-uagb-image--layout-default wp-block-uagb-image--effect-static wp-block-uagb-image--align-none\"><figure class=\"wp-block-uagb-image__figure\"><img decoding=\"async\" srcset=\"https:\/\/www.esjcyclo.info\/next\/wp-content\/uploads\/JP-site-1024x1024.jpg ,https:\/\/www.esjcyclo.info\/next\/wp-content\/uploads\/JP-site.jpg 780w, https:\/\/www.esjcyclo.info\/next\/wp-content\/uploads\/JP-site.jpg 360w\" sizes=\"auto, (max-width: 480px) 150px\" src=\"https:\/\/www.esjcyclo.info\/next\/wp-content\/uploads\/JP-site-1024x1024.jpg\" alt=\"\" class=\"uag-image-1174\" width=\"1024\" height=\"1024\" title=\"JP site\" loading=\"lazy\" role=\"img\"\/><\/figure><\/div>\n\n\n\n<p class=\"has-text-align-center\"><strong>Jean-Paul Crey<br>Secr\u00e9taire<\/strong><\/p>\n<\/div>\n\n\n\n<div class=\"wp-block-column is-layout-flow wp-block-column-is-layout-flow\" style=\"flex-basis:25%\"><div class=\"wp-block-image\">\n<figure class=\"aligncenter size-full is-resized\"><img loading=\"lazy\" decoding=\"async\" width=\"240\" height=\"221\" src=\"https:\/\/www.esjcyclo.info\/next\/wp-content\/uploads\/2023\/06\/yj.png\" alt=\"\" class=\"wp-image-137\" style=\"width:251px\"\/><figcaption class=\"wp-element-caption\"><br><strong>Yves JUBIN<br>Vice pr\u00e9sident<\/strong><\/figcaption><\/figure>\n<\/div><\/div>\n<\/div>\n\n\n\n<p><strong>Les diff\u00e9rentes commissions<\/strong><\/p>\n\n\n\n<figure class=\"wp-block-table has-medium-font-size\"><table class=\"has-nv-light-bg-background-color has-background has-fixed-layout\"><tbody><tr><td>S\u00e9jour<\/td><td>Jean Pierre COCHET<\/td><\/tr><tr><td>V\u00eatements<\/td><td>Jean Luc MARTIN<\/td><\/tr><tr><td>Rallye<\/td><td>G\u00e9rard PEYSSON<\/td><\/tr><tr><td>S\u00e9curit\u00e9<\/td><td>Christian DURY<\/td><\/tr><tr><td>Site web<\/td><td>Denis ROBIN<\/td><\/tr><\/tbody><\/table><\/figure>\n","protected":false},"excerpt":{"rendered":"<p>Le bureau Jo\u00ebl CHOQUERPr\u00e9sident Jacques GiraudTr\u00e9sorier Jean-Paul CreySecr\u00e9taire Les diff\u00e9rentes commissions S\u00e9jour Jean Pierre COCHET V\u00eatements Jean Luc MARTIN Rallye G\u00e9rard PEYSSON S\u00e9curit\u00e9 Christian DURY Site web Denis ROBIN<\/p>\n","protected":false},"author":1,"featured_media":0,"parent":0,"menu_order":0,"comment_status":"closed","ping_status":"closed","template":"","meta":{"_uag_custom_page_level_css":"","neve_meta_sidebar":"","neve_meta_container":"contained","neve_meta_enable_content_width":"on","neve_meta_content_width":81,"neve_meta_title_alignment":"center","neve_meta_author_avatar":"","neve_post_elements_order":"","neve_meta_disable_header":"","neve_meta_disable_footer":"","neve_meta_disable_title":"on","footnotes":""},"class_list":["post-8","page","type-page","status-publish","hentry"],"uagb_featured_image_src":{"full":false,"thumbnail":false,"medium":false,"medium_large":false,"large":false,"1536x1536":false,"2048x2048":false,"neve-blog":false},"uagb_author_info":{"display_name":"esjcyclo","author_link":"https:\/\/www.esjcyclo.info\/next\/author\/esjcyclo\/"},"uagb_comment_info":0,"uagb_excerpt":"Le bureau Jo\u00ebl CHOQUERPr\u00e9sident Jacques GiraudTr\u00e9sorier Jean-Paul CreySecr\u00e9taire Les diff\u00e9rentes commissions S\u00e9jour Jean Pierre COCHET V\u00eatements Jean Luc MARTIN Rallye G\u00e9rard PEYSSON S\u00e9curit\u00e9 Christian DURY Site web Denis ROBIN","_links":{"self":[{"href":"https:\/\/www.esjcyclo.info\/next\/wp-json\/wp\/v2\/pages\/8","targetHints":{"allow":["GET"]}}],"collection":[{"href":"https:\/\/www.esjcyclo.info\/next\/wp-json\/wp\/v2\/pages"}],"about":[{"href":"https:\/\/www.esjcyclo.info\/next\/wp-json\/wp\/v2\/types\/page"}],"author":[{"embeddable":true,"href":"https:\/\/www.esjcyclo.info\/next\/wp-json\/wp\/v2\/users\/1"}],"replies":[{"embeddable":true,"href":"https:\/\/www.esjcyclo.info\/next\/wp-json\/wp\/v2\/comments?post=8"}],"version-history":[{"count":16,"href":"https:\/\/www.esjcyclo.info\/next\/wp-json\/wp\/v2\/pages\/8\/revisions"}],"predecessor-version":[{"id":1184,"href":"https:\/\/www.esjcyclo.info\/next\/wp-json\/wp\/v2\/pages\/8\/revisions\/1184"}],"wp:attachment":[{"href":"https:\/\/www.esjcyclo.info\/next\/wp-json\/wp\/v2\/media?parent=8"}],"curies":[{"name":"wp","href":"https:\/\/api.w.org\/{rel}","templated":true}]}}