{"id":7,"date":"2023-06-03T13:13:13","date_gmt":"2023-06-03T11:13:13","guid":{"rendered":"https:\/\/www.esjcyclo.info\/next\/?page_id=7"},"modified":"2026-03-11T19:02:11","modified_gmt":"2026-03-11T18:02:11","slug":"a-propos","status":"publish","type":"page","link":"https:\/\/www.esjcyclo.info\/next\/a-propos\/","title":{"rendered":"\u00c0 propos"},"content":{"rendered":"\n<figure class=\"wp-block-image size-large\"><img loading=\"lazy\" decoding=\"async\" width=\"1024\" height=\"262\" src=\"https:\/\/www.esjcyclo.info\/next\/wp-content\/uploads\/2023\/06\/IMG-20230514-WA0036-e1686225731101-1024x262.jpg\" alt=\"\" class=\"wp-image-120\" style=\"aspect-ratio:16\/9;object-fit:cover\" srcset=\"https:\/\/www.esjcyclo.info\/next\/wp-content\/uploads\/2023\/06\/IMG-20230514-WA0036-e1686225731101-1024x262.jpg 1024w, https:\/\/www.esjcyclo.info\/next\/wp-content\/uploads\/2023\/06\/IMG-20230514-WA0036-e1686225731101-300x77.jpg 300w, https:\/\/www.esjcyclo.info\/next\/wp-content\/uploads\/2023\/06\/IMG-20230514-WA0036-e1686225731101-768x196.jpg 768w, https:\/\/www.esjcyclo.info\/next\/wp-content\/uploads\/2023\/06\/IMG-20230514-WA0036-e1686225731101-1536x393.jpg 1536w, https:\/\/www.esjcyclo.info\/next\/wp-content\/uploads\/2023\/06\/IMG-20230514-WA0036-e1686225731101.jpg 1995w\" sizes=\"auto, (max-width: 1024px) 100vw, 1024px\" \/><\/figure>\n\n\n\n<div class=\"wp-block-columns is-layout-flex wp-container-core-columns-is-layout-9d6595d7 wp-block-columns-is-layout-flex\">\n<div class=\"wp-block-column is-layout-flow wp-block-column-is-layout-flow\"><div class=\"wp-block-image\">\n<figure class=\"aligncenter size-full is-resized\"><img loading=\"lazy\" decoding=\"async\" width=\"2239\" height=\"2560\" src=\"https:\/\/www.esjcyclo.info\/next\/wp-content\/uploads\/LOGO-2026-ESJ-Cyclo-2-scaled.jpg\" alt=\"\" class=\"wp-image-1230\" style=\"width:353px;height:404px\" srcset=\"https:\/\/www.esjcyclo.info\/next\/wp-content\/uploads\/LOGO-2026-ESJ-Cyclo-2-scaled.jpg 2239w, https:\/\/www.esjcyclo.info\/next\/wp-content\/uploads\/LOGO-2026-ESJ-Cyclo-2-262x300.jpg 262w, https:\/\/www.esjcyclo.info\/next\/wp-content\/uploads\/LOGO-2026-ESJ-Cyclo-2-895x1024.jpg 895w, https:\/\/www.esjcyclo.info\/next\/wp-content\/uploads\/LOGO-2026-ESJ-Cyclo-2-768x878.jpg 768w, https:\/\/www.esjcyclo.info\/next\/wp-content\/uploads\/LOGO-2026-ESJ-Cyclo-2-1343x1536.jpg 1343w, https:\/\/www.esjcyclo.info\/next\/wp-content\/uploads\/LOGO-2026-ESJ-Cyclo-2-1791x2048.jpg 1791w\" sizes=\"auto, (max-width: 2239px) 100vw, 2239px\" \/><\/figure>\n<\/div><\/div>\n\n\n\n<div class=\"wp-block-column is-layout-flow wp-block-column-is-layout-flow\">\n<h2 class=\"wp-block-heading alignwide has-text-align-center\">Notre CLUB<\/h2>\n\n\n\n<p><\/p>\n\n\n\n<p>Jonage est un  petit village situ\u00e9 dans l&rsquo;est lyonnais. Sa position g\u00e9ographique en fait un point de d\u00e9part id\u00e9al pour les parcours dans les Dombes, le nord Is\u00e8re et le Bugey.<\/p>\n<\/div>\n<\/div>\n\n\n\n<div class=\"wp-block-columns is-layout-flex wp-container-core-columns-is-layout-9d6595d7 wp-block-columns-is-layout-flex\">\n<div class=\"wp-block-column is-layout-flow wp-block-column-is-layout-flow\" style=\"flex-basis:100%\">\n<div class=\"wp-block-cover alignfull\" style=\"min-height:600px;aspect-ratio:unset;\"><span aria-hidden=\"true\" class=\"wp-block-cover__background has-nv-dark-bg-background-color has-background-dim-100 has-background-dim\"><\/span><div class=\"wp-block-cover__inner-container is-layout-flow wp-block-cover-is-layout-flow\">\n<div class=\"wp-block-columns is-layout-flex wp-container-core-columns-is-layout-9d6595d7 wp-block-columns-is-layout-flex\">\n<div class=\"wp-block-column is-layout-flow wp-block-column-is-layout-flow\" style=\"flex-basis:100%\">\n<div class=\"wp-block-group\"><div class=\"wp-block-group__inner-container is-layout-flow wp-block-group-is-layout-flow\">\n<div class=\"wp-block-columns are-vertically-aligned-center is-layout-flex wp-container-core-columns-is-layout-9d6595d7 wp-block-columns-is-layout-flex\">\n<div class=\"wp-block-column is-layout-flow wp-block-column-is-layout-flow\"><\/div>\n\n\n\n<div class=\"wp-block-column is-layout-flow wp-block-column-is-layout-flow\"><\/div>\n<\/div>\n<\/div><\/div>\n<\/div>\n<\/div>\n\n\n\n<div class=\"wp-block-columns is-layout-flex wp-container-core-columns-is-layout-9d6595d7 wp-block-columns-is-layout-flex\">\n<div class=\"wp-block-column has-nv-text-dark-bg-color has-text-color is-layout-flow wp-block-column-is-layout-flow\">\n<h2 class=\"wp-block-heading has-nv-text-dark-bg-color has-text-color\">ORGANISATION<\/h2>\n\n\n\n<p>R\u00e9unions mensuelles :<br>Le premier vendredi de chaque mois \u00e0 20h30 \u00e0 la maison de quartier (boulevard Louis Pradel, Jonage)<\/p>\n\n\n\n<p>Sorties : mardi , jeudi, samedi, dimanche  <\/p>\n\n\n\n<p>Horaire en fonction de la saison<\/p>\n\n\n\n<p>Rendez-vous des sorties:  Parking Agora sauf Dimanche matin parking carrefour market<\/p>\n<\/div>\n\n\n\n<div class=\"wp-block-column is-layout-flow wp-block-column-is-layout-flow\"><div class=\"wp-block-image\">\n<figure class=\"aligncenter size-full is-resized\"><img loading=\"lazy\" decoding=\"async\" width=\"200\" height=\"65\" src=\"https:\/\/www.esjcyclo.info\/next\/wp-content\/uploads\/2023\/06\/CARREFOUR.jpg\" alt=\"\" class=\"wp-image-94\" style=\"width:406px;height:132px\"\/><\/figure>\n<\/div>\n\n\n<div style=\"height:45px\" aria-hidden=\"true\" class=\"wp-block-spacer\"><\/div>\n\n\n<div class=\"wp-block-image\">\n<figure class=\"aligncenter size-full is-resized\"><img loading=\"lazy\" decoding=\"async\" width=\"200\" height=\"116\" src=\"https:\/\/www.esjcyclo.info\/next\/wp-content\/uploads\/2023\/06\/HorizonSportRecto.jpg\" alt=\"\" class=\"wp-image-96\" style=\"width:316px;height:183px\"\/><\/figure>\n<\/div><\/div>\n<\/div>\n<\/div><\/div>\n<\/div>\n<\/div>\n\n\n\n<h1 class=\"wp-block-heading\"><strong>Histoire du Club l&rsquo;ESJ Cyclo<\/strong><\/h1>\n\n\n\n<p><strong>Comment na\u00eet un club comme le Cyclotourisme de l&rsquo;Eveil Sportif Jonageois, en 1980 ?<\/strong><\/p>\n\n\n\n<p><br>Deux sportifs jonageois sont \u00e0 l&rsquo;origine de la naissance de notre club :<br>Christian GIBERT et Marcel BURNIER (ancien coureur r\u00e9gional)<\/p>\n\n\n\n<p>Ils se lanc\u00e8rent dans l&rsquo;aventure avec le soutien de Ren\u00e9 DUPRE, alors pr\u00e9sident de l&rsquo;ESJ.<br>Le premier contact avec le Cyclo Tourisme Lyonnais et Jean-Marie CUZIN, permit d&rsquo;aborder les divers points du montage de l&rsquo;association.<\/p>\n\n\n\n<p>Maurice GONIN, et Marcel BURNIER furent les sponsors du club, pour l&rsquo;aide mat\u00e9rielle apport\u00e9e dans la confection des imprim\u00e9s n\u00e9cessaires \u00e0 l&rsquo;organisation.<\/p>\n\n\n\n<p>Et voil\u00e0 comment pu avoir lieu la premi\u00e8re r\u00e9union, en pr\u00e9sence de M. CURIN (CTL),&nbsp;M. DUPRE, pr\u00e9sident de l&rsquo;ESJ et une trentaine de futurs adh\u00e8rents.<\/p>\n\n\n\n<p>M. LAJOUX se proposa d&rsquo;\u00eatre le pr\u00e9sident et de former autour de lui un Bureau.<\/p>\n\n\n\n<p>Et c&rsquo;\u00e9tait parti !!!<\/p>\n\n\n\n<p>Et depuis plus de 25 ans, les cyclos de Jonage sillonnent les routes d&rsquo;ici et d&rsquo;ailleurs.<\/p>\n\n\n\n<p>Les 20 ans du club furent f\u00eat\u00e9s, le 26 janvier 2001, en pr\u00e9sence des adh\u00e9rents, et des anciens pr\u00e9sidents. La chanson du club cl\u00f4tura cet anniversaire.<\/p>\n\n\n\n<p>Depuis diff\u00e9rents pr\u00e9sidents se sont succ\u00e9d\u00e9s<\/p>\n\n\n\n<ul class=\"wp-block-list\">\n<li>&nbsp;Robert LAJOUX 1980-1983<\/li>\n\n\n\n<li>&nbsp;Andr\u00e9 LOEWENSTEIN 1984-1986<\/li>\n\n\n\n<li>&nbsp;Jean-Pierre CHECCACI 1987-1991<\/li>\n\n\n\n<li>&nbsp;Antoine FOURNIER 1992-1993<\/li>\n\n\n\n<li>&nbsp;Alain BOUVARD 1994-1998<\/li>\n\n\n\n<li>&nbsp;Jean-Pierre COCHET 1998-2008<\/li>\n\n\n\n<li>Yves JUBIN 2008-2026<\/li>\n<\/ul>\n\n\n\n<p>Et depuis 2026 Jo\u00ebl CHOQUER<\/p>\n","protected":false},"excerpt":{"rendered":"<p>Notre CLUB Jonage est un petit village situ\u00e9 dans l&rsquo;est lyonnais. Sa position g\u00e9ographique en fait un point de d\u00e9part id\u00e9al pour les parcours dans les Dombes, le nord Is\u00e8re et le Bugey. Histoire du Club l&rsquo;ESJ Cyclo Comment na\u00eet un club comme le Cyclotourisme de l&rsquo;Eveil Sportif Jonageois, en 1980 ? Deux sportifs jonageois&hellip;&nbsp;<a href=\"https:\/\/www.esjcyclo.info\/next\/a-propos\/\" class=\"\" rel=\"bookmark\">Lire la suite &raquo;<span class=\"screen-reader-text\">\u00c0 propos<\/span><\/a><\/p>\n","protected":false},"author":1,"featured_media":0,"parent":0,"menu_order":-1,"comment_status":"closed","ping_status":"closed","template":"","meta":{"_uag_custom_page_level_css":"","neve_meta_sidebar":"","neve_meta_container":"","neve_meta_enable_content_width":"on","neve_meta_content_width":100,"neve_meta_title_alignment":"","neve_meta_author_avatar":"","neve_post_elements_order":"","neve_meta_disable_header":"","neve_meta_disable_footer":"","neve_meta_disable_title":"on","footnotes":""},"class_list":["post-7","page","type-page","status-publish","hentry"],"uagb_featured_image_src":{"full":false,"thumbnail":false,"medium":false,"medium_large":false,"large":false,"1536x1536":false,"2048x2048":false,"neve-blog":false},"uagb_author_info":{"display_name":"esjcyclo","author_link":"https:\/\/www.esjcyclo.info\/next\/author\/esjcyclo\/"},"uagb_comment_info":0,"uagb_excerpt":"Notre CLUB Jonage est un petit village situ\u00e9 dans l&rsquo;est lyonnais. Sa position g\u00e9ographique en fait un point de d\u00e9part id\u00e9al pour les parcours dans les Dombes, le nord Is\u00e8re et le Bugey. Histoire du Club l&rsquo;ESJ Cyclo Comment na\u00eet un club comme le Cyclotourisme de l&rsquo;Eveil Sportif Jonageois, en 1980 ? Deux sportifs jonageois&hellip;&nbsp;Lire\u2026","_links":{"self":[{"href":"https:\/\/www.esjcyclo.info\/next\/wp-json\/wp\/v2\/pages\/7","targetHints":{"allow":["GET"]}}],"collection":[{"href":"https:\/\/www.esjcyclo.info\/next\/wp-json\/wp\/v2\/pages"}],"about":[{"href":"https:\/\/www.esjcyclo.info\/next\/wp-json\/wp\/v2\/types\/page"}],"author":[{"embeddable":true,"href":"https:\/\/www.esjcyclo.info\/next\/wp-json\/wp\/v2\/users\/1"}],"replies":[{"embeddable":true,"href":"https:\/\/www.esjcyclo.info\/next\/wp-json\/wp\/v2\/comments?post=7"}],"version-history":[{"count":18,"href":"https:\/\/www.esjcyclo.info\/next\/wp-json\/wp\/v2\/pages\/7\/revisions"}],"predecessor-version":[{"id":1231,"href":"https:\/\/www.esjcyclo.info\/next\/wp-json\/wp\/v2\/pages\/7\/revisions\/1231"}],"wp:attachment":[{"href":"https:\/\/www.esjcyclo.info\/next\/wp-json\/wp\/v2\/media?parent=7"}],"curies":[{"name":"wp","href":"https:\/\/api.w.org\/{rel}","templated":true}]}}