{"id":6,"date":"2023-06-03T13:13:12","date_gmt":"2023-06-03T11:13:12","guid":{"rendered":"https:\/\/www.esjcyclo.info\/next\/?page_id=6"},"modified":"2026-02-19T22:46:37","modified_gmt":"2026-02-19T21:46:37","slug":"accueil","status":"publish","type":"page","link":"https:\/\/www.esjcyclo.info\/next\/","title":{"rendered":"Accueil"},"content":{"rendered":"\n\t\t\t<div class=\"wp-block-uagb-post-carousel uagb-post-grid  uagb-post__image-position-top uagb-post__image-enabled uagb-block-084d7d78     uagb-post__arrow-outside uagb-post__items uagb-post__columns-3 is-carousel uagb-post__columns-tablet-2 uagb-post__columns-mobile-1\" data-total=\"2\" style=\"\">\n\n\t\t\t\t\t\t\t\t\t\t\t\t<article class=\"uagb-post__inner-wrap\">\t\t\t\t\t\t\t\t<h4 class=\"uagb-post__title uagb-post__text\">\n\t\t\t\t<a href=\"https:\/\/www.esjcyclo.info\/next\/2025\/11\/14\/sejours-club-2026\/\" target=\"_self\" rel=\"bookmark noopener noreferrer\">S\u00e9jours club 2026<\/a>\n\t\t\t<\/h4>\n\t\t\t\t\t\t<div class='uagb-post__text uagb-post-grid-byline'>\n\t\t\t\t\t\t\t\t<time datetime=\"2025-11-14T10:33:45+01:00\" class=\"uagb-post__date\">\n\t\t\t\t<span class=\"dashicons-calendar dashicons\"><\/span>\t\t\t\t\t14 novembre 2025\t\t\t\t<\/time>\n\t\t\t\t\t\t\t<span class=\"uagb-post__comment\">\n\t\t\t\t<span class=\"dashicons-admin-comments dashicons\"><\/span>\t\t\t\t\tAucun commentaire\t\t\t\t<\/span>\n\t\t\t\t\t\t<\/div>\n\t\t\t\t\t\t\t<div class='uagb-post__text uagb-post__excerpt'>\n\t\t\t\t\t<p>Brevet 2026 JURA G\u00eete le Duchet\u00a0les Pessettes Pr\u00e9novel 39150 Nanchez Week-end de Pentec\u00f4te D\u00e9part v\u00e9lo&#8230;\t\t\t\t<\/div>\n\t\t\t\t\t\t<div class=\"uagb-post__text uagb-post__cta wp-block-button\">\n\t\t\t\t<a class=\"wp-block-button__link uagb-text-link\" style=\"\" href=\"https:\/\/www.esjcyclo.info\/next\/2025\/11\/14\/sejours-club-2026\/\" target=\"_self\" rel=\"bookmark noopener noreferrer\">Lire la suite<\/a>\n\t\t\t<\/div>\n\t\t\t\n\t\t\t\t\t\t\t\t\t<\/article>\n\t\t\t\t\t\t\t\t\t\t\t\t\t\t\t\t<article class=\"uagb-post__inner-wrap\">\t\t\t\t\t\t\t\t<h4 class=\"uagb-post__title uagb-post__text\">\n\t\t\t\t<a href=\"https:\/\/www.esjcyclo.info\/next\/2025\/02\/23\/les-cyclosportives-2025\/\" target=\"_self\" rel=\"bookmark noopener noreferrer\">Les Principales Cyclosportives 2026<\/a>\n\t\t\t<\/h4>\n\t\t\t\t\t\t<div class='uagb-post__text uagb-post-grid-byline'>\n\t\t\t\t\t\t\t\t<time datetime=\"2025-02-23T11:56:07+01:00\" class=\"uagb-post__date\">\n\t\t\t\t<span class=\"dashicons-calendar dashicons\"><\/span>\t\t\t\t\t23 f\u00e9vrier 2025\t\t\t\t<\/time>\n\t\t\t\t\t\t\t<span class=\"uagb-post__comment\">\n\t\t\t\t<span class=\"dashicons-admin-comments dashicons\"><\/span>\t\t\t\t\tAucun commentaire\t\t\t\t<\/span>\n\t\t\t\t\t\t<\/div>\n\t\t\t\t\t\t\t<div class='uagb-post__text uagb-post__excerpt'>\n\t\t\t\t\t<p>. Le samedi 28 et le dimanche 29 mars La Corima \u00e0 Mont\u00e9limar . Le&#8230;\t\t\t\t<\/div>\n\t\t\t\t\t\t<div class=\"uagb-post__text uagb-post__cta wp-block-button\">\n\t\t\t\t<a class=\"wp-block-button__link uagb-text-link\" style=\"\" href=\"https:\/\/www.esjcyclo.info\/next\/2025\/02\/23\/les-cyclosportives-2025\/\" target=\"_self\" rel=\"bookmark noopener noreferrer\">Lire la suite<\/a>\n\t\t\t<\/div>\n\t\t\t\n\t\t\t\t\t\t\t\t\t<\/article>\n\t\t\t\t\t\t\t\t\t\t\t\t\t\t\t\t<article class=\"uagb-post__inner-wrap\">\t\t\t\t\t\t\t\t<h4 class=\"uagb-post__title uagb-post__text\">\n\t\t\t\t<a href=\"https:\/\/www.esjcyclo.info\/next\/2024\/11\/08\/grandes-organisations-club-2025\/\" target=\"_self\" rel=\"bookmark noopener noreferrer\">Grandes\u00a0 organisations\u00a0 club 2025<\/a>\n\t\t\t<\/h4>\n\t\t\t\t\t\t<div class='uagb-post__text uagb-post-grid-byline'>\n\t\t\t\t\t\t\t\t<time datetime=\"2024-11-08T20:08:53+01:00\" class=\"uagb-post__date\">\n\t\t\t\t<span class=\"dashicons-calendar dashicons\"><\/span>\t\t\t\t\t8 novembre 2024\t\t\t\t<\/time>\n\t\t\t\t\t\t\t<span class=\"uagb-post__comment\">\n\t\t\t\t<span class=\"dashicons-admin-comments dashicons\"><\/span>\t\t\t\t\tAucun commentaire\t\t\t\t<\/span>\n\t\t\t\t\t\t<\/div>\n\t\t\t\t\t\t\t<div class='uagb-post__text uagb-post__excerpt'>\n\t\t\t\t\t<p>Brevet &nbsp;&nbsp;&nbsp;&nbsp; Samedi 7 juin au lundi&nbsp; 9 juin &nbsp;&nbsp;&nbsp;&nbsp; G\u00eete&nbsp;: Ferme de la Mense,&#8230;\t\t\t\t<\/div>\n\t\t\t\t\t\t<div class=\"uagb-post__text uagb-post__cta wp-block-button\">\n\t\t\t\t<a class=\"wp-block-button__link uagb-text-link\" style=\"\" href=\"https:\/\/www.esjcyclo.info\/next\/2024\/11\/08\/grandes-organisations-club-2025\/\" target=\"_self\" rel=\"bookmark noopener noreferrer\">Lire la suite<\/a>\n\t\t\t<\/div>\n\t\t\t\n\t\t\t\t\t\t\t\t\t<\/article>\n\t\t\t\t\t\t\t\t\t\t\t<\/div>\n\t\t\t\n\n\n<div class=\"wp-block-media-text alignfull is-stacked-on-mobile\" style=\"grid-template-columns:43% auto\"><figure class=\"wp-block-media-text__media\"><img loading=\"lazy\" decoding=\"async\" width=\"1024\" height=\"768\" src=\"https:\/\/www.esjcyclo.info\/next\/wp-content\/uploads\/IMG-20250524-WA0002-1024x768.jpg\" alt=\"\" class=\"wp-image-907 size-full\" srcset=\"https:\/\/www.esjcyclo.info\/next\/wp-content\/uploads\/IMG-20250524-WA0002-1024x768.jpg 1024w, https:\/\/www.esjcyclo.info\/next\/wp-content\/uploads\/IMG-20250524-WA0002-300x225.jpg 300w, https:\/\/www.esjcyclo.info\/next\/wp-content\/uploads\/IMG-20250524-WA0002-768x576.jpg 768w, https:\/\/www.esjcyclo.info\/next\/wp-content\/uploads\/IMG-20250524-WA0002-1536x1152.jpg 1536w, https:\/\/www.esjcyclo.info\/next\/wp-content\/uploads\/IMG-20250524-WA0002.jpg 1600w\" sizes=\"auto, (max-width: 1024px) 100vw, 1024px\" \/><\/figure><div class=\"wp-block-media-text__content\"><div class=\"wp-block-image\">\n<figure class=\"aligncenter size-full is-resized\"><img loading=\"lazy\" decoding=\"async\" width=\"2239\" height=\"2560\" src=\"https:\/\/www.esjcyclo.info\/next\/wp-content\/uploads\/LOGO-2026-ESJ-Cyclo-1-scaled.jpg\" alt=\"\" class=\"wp-image-1204\" style=\"aspect-ratio:0.8686131386861314;width:177px;height:auto\" srcset=\"https:\/\/www.esjcyclo.info\/next\/wp-content\/uploads\/LOGO-2026-ESJ-Cyclo-1-scaled.jpg 2239w, https:\/\/www.esjcyclo.info\/next\/wp-content\/uploads\/LOGO-2026-ESJ-Cyclo-1-262x300.jpg 262w, https:\/\/www.esjcyclo.info\/next\/wp-content\/uploads\/LOGO-2026-ESJ-Cyclo-1-895x1024.jpg 895w, https:\/\/www.esjcyclo.info\/next\/wp-content\/uploads\/LOGO-2026-ESJ-Cyclo-1-768x878.jpg 768w, https:\/\/www.esjcyclo.info\/next\/wp-content\/uploads\/LOGO-2026-ESJ-Cyclo-1-1343x1536.jpg 1343w, https:\/\/www.esjcyclo.info\/next\/wp-content\/uploads\/LOGO-2026-ESJ-Cyclo-1-1791x2048.jpg 1791w\" sizes=\"auto, (max-width: 2239px) 100vw, 2239px\" \/><\/figure>\n<\/div>\n\n\n<div style=\"height:7px\" aria-hidden=\"true\" class=\"wp-block-spacer\"><\/div>\n\n\n\n<p class=\"has-text-align-center has-large-font-size\"><mark style=\"background-color:rgba(0, 0, 0, 0);color:#503dd5\" class=\"has-inline-color\">Bienvenue sur le site ESJ Cyclo <\/mark><\/p>\n<\/div><\/div>\n\n\n\n<p><\/p>\n\n\n\n<div class=\"wp-block-columns is-layout-flex wp-container-core-columns-is-layout-9d6595d7 wp-block-columns-is-layout-flex\">\n<div class=\"wp-block-column is-layout-flow wp-block-column-is-layout-flow\"><div class=\"wp-block-image icon-style is-style-default\">\n<figure class=\"aligncenter size-full is-resized\"><img decoding=\"async\" src=\"https:\/\/www.esjcyclo.info\/next\/wp-content\/uploads\/2023\/06\/logoffv-1.png\" alt=\"\" class=\"wp-image-42\" style=\"width:72px;height:69px\"\/><\/figure>\n<\/div>\n\n\n<div style=\"height:20px\" aria-hidden=\"true\" class=\"wp-block-spacer\"><\/div>\n\n\n\n<h3 class=\"wp-block-heading has-text-align-center has-neve-text-color-color has-text-color\">Club affili\u00e9 \u00e0 la FFv\u00e9lo<\/h3>\n\n\n\n<p class=\"has-text-align-center\"><\/p>\n\n\n\n<div style=\"height:20px\" aria-hidden=\"true\" class=\"wp-block-spacer\"><\/div>\n<\/div>\n\n\n\n<div class=\"wp-block-column is-layout-flow wp-block-column-is-layout-flow\"><div class=\"wp-block-image icon-style is-style-default\">\n<figure class=\"aligncenter size-full is-resized\"><img decoding=\"async\" src=\"https:\/\/www.esjcyclo.info\/next\/wp-content\/uploads\/2023\/06\/bicycle-40756_640-1.png\" alt=\"\" class=\"wp-image-44\" style=\"width:88px;height:68px\"\/><\/figure>\n<\/div>\n\n\n<div style=\"height:20px\" aria-hidden=\"true\" class=\"wp-block-spacer\"><\/div>\n\n\n\n<h3 class=\"wp-block-heading has-text-align-center has-neve-text-color-color has-text-color\">Club ouvert \u00e0 toutes et tous<\/h3>\n\n\n\n<p> jeunes, moins jeunes, f\u00e9minines \u2026<br>Chacun peut trouver au sein du club ce qu&rsquo;il recherche: une pratique du cyclo adapt\u00e9e aux diff\u00e9rents niveaux et aux diff\u00e9rentes tranches d&rsquo;\u00e2ges.<\/p>\n\n\n\n<div style=\"height:20px\" aria-hidden=\"true\" class=\"wp-block-spacer\"><\/div>\n<\/div>\n\n\n\n<div class=\"wp-block-column is-layout-flow wp-block-column-is-layout-flow\"><div class=\"wp-block-image icon-style is-style-rounded\">\n<figure class=\"aligncenter size-full is-resized\"><img loading=\"lazy\" decoding=\"async\" width=\"50\" height=\"40\" src=\"https:\/\/www.esjcyclo.info\/next\/wp-content\/uploads\/2023\/06\/icone-calendrier-313x250-1-e1686032037462.png\" alt=\"\" class=\"wp-image-45\" style=\"width:85px;height:68px\"\/><\/figure>\n<\/div>\n\n\n<div style=\"height:20px\" aria-hidden=\"true\" class=\"wp-block-spacer\"><\/div>\n\n\n\n<h3 class=\"wp-block-heading has-text-align-center has-neve-text-color-color has-text-color\">Venez participer avec nous<\/h3>\n\n\n\n<p class=\"has-text-align-center\">Aux sorties club en semaine mardi &amp; jeudi et weekend le samedi. Aux rallye et cyclosportives<\/p>\n\n\n\n<div style=\"height:20px\" aria-hidden=\"true\" class=\"wp-block-spacer\"><\/div>\n<\/div>\n<\/div>\n\n\n\n<div class=\"wp-block-columns is-layout-flex wp-container-core-columns-is-layout-9d6595d7 wp-block-columns-is-layout-flex\">\n<div class=\"wp-block-column is-layout-flow wp-block-column-is-layout-flow\"><\/div>\n<\/div>\n\n\n\n<div style=\"height:80px\" aria-hidden=\"true\" class=\"wp-block-spacer\"><\/div>\n","protected":false},"excerpt":{"rendered":"<p>Club affili\u00e9 \u00e0 la FFv\u00e9lo Club ouvert \u00e0 toutes et tous jeunes, moins jeunes, f\u00e9minines \u2026Chacun peut trouver au sein du club ce qu&rsquo;il recherche: une pratique du cyclo adapt\u00e9e aux diff\u00e9rents niveaux et aux diff\u00e9rentes tranches d&rsquo;\u00e2ges. Venez participer avec nous Aux sorties club en semaine mardi &amp; jeudi et weekend le samedi. Aux&hellip;&nbsp;<a href=\"https:\/\/www.esjcyclo.info\/next\/\" class=\"\" rel=\"bookmark\">Lire la suite &raquo;<span class=\"screen-reader-text\">Accueil<\/span><\/a><\/p>\n","protected":false},"author":1,"featured_media":0,"parent":0,"menu_order":0,"comment_status":"closed","ping_status":"closed","template":"","meta":{"_uag_custom_page_level_css":"","neve_meta_sidebar":"","neve_meta_container":"","neve_meta_enable_content_width":"on","neve_meta_content_width":100,"neve_meta_title_alignment":"","neve_meta_author_avatar":"","neve_post_elements_order":"","neve_meta_disable_header":"","neve_meta_disable_footer":"","neve_meta_disable_title":"on","footnotes":""},"class_list":["post-6","page","type-page","status-publish","hentry"],"uagb_featured_image_src":{"full":false,"thumbnail":false,"medium":false,"medium_large":false,"large":false,"1536x1536":false,"2048x2048":false,"neve-blog":false},"uagb_author_info":{"display_name":"esjcyclo","author_link":"https:\/\/www.esjcyclo.info\/next\/author\/esjcyclo\/"},"uagb_comment_info":0,"uagb_excerpt":"Club affili\u00e9 \u00e0 la FFv\u00e9lo Club ouvert \u00e0 toutes et tous jeunes, moins jeunes, f\u00e9minines \u2026Chacun peut trouver au sein du club ce qu&rsquo;il recherche: une pratique du cyclo adapt\u00e9e aux diff\u00e9rents niveaux et aux diff\u00e9rentes tranches d&rsquo;\u00e2ges. Venez participer avec nous Aux sorties club en semaine mardi &amp; jeudi et weekend le samedi. Aux&hellip;&nbsp;Lire\u2026","_links":{"self":[{"href":"https:\/\/www.esjcyclo.info\/next\/wp-json\/wp\/v2\/pages\/6","targetHints":{"allow":["GET"]}}],"collection":[{"href":"https:\/\/www.esjcyclo.info\/next\/wp-json\/wp\/v2\/pages"}],"about":[{"href":"https:\/\/www.esjcyclo.info\/next\/wp-json\/wp\/v2\/types\/page"}],"author":[{"embeddable":true,"href":"https:\/\/www.esjcyclo.info\/next\/wp-json\/wp\/v2\/users\/1"}],"replies":[{"embeddable":true,"href":"https:\/\/www.esjcyclo.info\/next\/wp-json\/wp\/v2\/comments?post=6"}],"version-history":[{"count":31,"href":"https:\/\/www.esjcyclo.info\/next\/wp-json\/wp\/v2\/pages\/6\/revisions"}],"predecessor-version":[{"id":1209,"href":"https:\/\/www.esjcyclo.info\/next\/wp-json\/wp\/v2\/pages\/6\/revisions\/1209"}],"wp:attachment":[{"href":"https:\/\/www.esjcyclo.info\/next\/wp-json\/wp\/v2\/media?parent=6"}],"curies":[{"name":"wp","href":"https:\/\/api.w.org\/{rel}","templated":true}]}}